{"id":4209,"date":"2024-07-11T13:57:27","date_gmt":"2024-07-11T11:57:27","guid":{"rendered":"https:\/\/www.holzzange.ch\/mentions-legales\/"},"modified":"2025-04-10T13:50:24","modified_gmt":"2025-04-10T11:50:24","slug":"mentions-legales","status":"publish","type":"page","link":"https:\/\/www.holzzange.ch\/fr\/mentions-legales\/","title":{"rendered":"Mentions l\u00e9gales"},"content":{"rendered":"\n<h2 class=\"wp-block-heading\" id=\"jsectionverantwortlichfrdeninhalt\">Responsable du contenu<\/h2>\n\n\n\n<p>Holzzange.ch<br>Keltenweg 2<br>(Holzm\u00fchle)<br>3303 M\u00fcnchringen<br>Schweiz<br>E-Mail: <a href=\"mailto:info@holzzange.ch\">info@holzzange.ch<\/a><br>Tel.: 034 411 18 18<\/p>\n\n\n\n<h2 class=\"wp-block-heading\">Conception, technologie et programmation<\/h2>\n\n\n\n<p>Webgorilla GmbH<br>Webdesign &amp; Online Marketing<\/p>\n\n\n\n<p><a href=\"https:\/\/www.event-barkeeper.ch\/impressum\/www.webgorilla.ch\">www.webgorilla.ch<\/a><\/p>\n\n\n\n<h2 class=\"wp-block-heading\">Clause de non-responsabilit\u00e9<\/h2>\n\n\n\n<p>L&rsquo;auteur n&rsquo;assume aucune responsabilit\u00e9 quant \u00e0 l&rsquo;exactitude, la pr\u00e9cision, l&rsquo;actualit\u00e9, la fiabilit\u00e9 et l&rsquo;exhaustivit\u00e9 des informations. Les r\u00e9clamations en responsabilit\u00e9 contre l&rsquo;auteur pour des dommages mat\u00e9riels ou immat\u00e9riels r\u00e9sultant de l&rsquo;acc\u00e8s ou de l&rsquo;utilisation ou de la non-utilisation des informations publi\u00e9es, d&rsquo;une mauvaise utilisation de la connexion ou de dysfonctionnements techniques sont exclues. Toutes les offres sont sans engagement. L&rsquo;auteur se r\u00e9serve express\u00e9ment le droit de modifier, de compl\u00e9ter ou de supprimer des parties de pages ou l&rsquo;ensemble de l&rsquo;offre sans pr\u00e9avis ou d&rsquo;arr\u00eater temporairement ou d\u00e9finitivement la publication.   <\/p>\n\n\n\n<h2 class=\"wp-block-heading\">Responsabilit\u00e9 pour les liens<\/h2>\n\n\n\n<p>Les r\u00e9f\u00e9rences et liens vers des sites Web tiers ne rel\u00e8vent pas de notre domaine de responsabilit\u00e9. Nous d\u00e9clinons toute responsabilit\u00e9 concernant ces sites Web. L\u2019acc\u00e8s et l\u2019utilisation de ces sites Web se font aux propres risques de l\u2019utilisateur. <\/p>\n\n\n\n<h2 class=\"wp-block-heading\">Urheberrechte<\/h2>\n\n\n\n<p>Les droits d&rsquo;auteur et tous les autres droits sur les contenus, images, photos ou autres fichiers du site Internet appartiennent exclusivement \u00e0 Holzzange ou aux ayants droit sp\u00e9cifiquement nomm\u00e9s. L&rsquo;accord \u00e9crit du titulaire des droits d&rsquo;auteur doit \u00eatre obtenu au pr\u00e9alable pour la reproduction de tout \u00e9l\u00e9ment. <\/p>\n","protected":false},"excerpt":{"rendered":"<p>Responsable du contenu Holzzange.chKeltenweg 2(Holzm\u00fchle)3303 M\u00fcnchringenSchweizE-Mail: info@holzzange.chTel.: 034 411 18 18 Conception, technologie et programmation Webgorilla GmbHWebdesign &amp; Online Marketing www.webgorilla.ch Clause de non-responsabilit\u00e9 L&rsquo;auteur n&rsquo;assume aucune responsabilit\u00e9 quant \u00e0 l&rsquo;exactitude, la pr\u00e9cision, l&rsquo;actualit\u00e9, la fiabilit\u00e9 et l&rsquo;exhaustivit\u00e9 des informations. Les r\u00e9clamations en responsabilit\u00e9 contre l&rsquo;auteur pour des dommages mat\u00e9riels ou immat\u00e9riels r\u00e9sultant de l&rsquo;acc\u00e8s [&hellip;]<\/p>\n","protected":false},"author":8,"featured_media":0,"parent":0,"menu_order":0,"comment_status":"closed","ping_status":"closed","template":"","meta":{"footnotes":""},"class_list":["post-4209","page","type-page","status-publish","hentry"],"yoast_head":"<!-- This site is optimized with the Yoast SEO plugin v27.3 - https:\/\/yoast.com\/product\/yoast-seo-wordpress\/ -->\n<title>Mentions l\u00e9gales - Holzzange.ch<\/title>\n<meta name=\"robots\" content=\"noindex, follow\" \/>\n<meta property=\"og:locale\" content=\"fr_FR\" \/>\n<meta property=\"og:type\" content=\"article\" \/>\n<meta property=\"og:title\" content=\"Mentions l\u00e9gales - Holzzange.ch\" \/>\n<meta property=\"og:description\" content=\"Responsable du contenu Holzzange.chKeltenweg 2(Holzm\u00fchle)3303 M\u00fcnchringenSchweizE-Mail: info@holzzange.chTel.: 034 411 18 18 Conception, technologie et programmation Webgorilla GmbHWebdesign &amp; Online Marketing www.webgorilla.ch Clause de non-responsabilit\u00e9 L&rsquo;auteur n&rsquo;assume aucune responsabilit\u00e9 quant \u00e0 l&rsquo;exactitude, la pr\u00e9cision, l&rsquo;actualit\u00e9, la fiabilit\u00e9 et l&rsquo;exhaustivit\u00e9 des informations. Les r\u00e9clamations en responsabilit\u00e9 contre l&rsquo;auteur pour des dommages mat\u00e9riels ou immat\u00e9riels r\u00e9sultant de l&rsquo;acc\u00e8s [&hellip;]\" \/>\n<meta property=\"og:url\" content=\"https:\/\/www.holzzange.ch\/fr\/mentions-legales\/\" \/>\n<meta property=\"og:site_name\" content=\"Holzzange.ch\" \/>\n<meta property=\"article:modified_time\" content=\"2025-04-10T11:50:24+00:00\" \/>\n<meta name=\"twitter:card\" content=\"summary_large_image\" \/>\n<meta name=\"twitter:label1\" content=\"Dur\u00e9e de lecture estim\u00e9e\" \/>\n\t<meta name=\"twitter:data1\" content=\"2 minutes\" \/>\n<script type=\"application\/ld+json\" class=\"yoast-schema-graph\">{\"@context\":\"https:\\\/\\\/schema.org\",\"@graph\":[{\"@type\":\"WebPage\",\"@id\":\"https:\\\/\\\/www.holzzange.ch\\\/fr\\\/mentions-legales\\\/\",\"url\":\"https:\\\/\\\/www.holzzange.ch\\\/fr\\\/mentions-legales\\\/\",\"name\":\"Mentions l\u00e9gales - Holzzange.ch\",\"isPartOf\":{\"@id\":\"https:\\\/\\\/www.holzzange.ch\\\/fr\\\/#website\"},\"datePublished\":\"2024-07-11T11:57:27+00:00\",\"dateModified\":\"2025-04-10T11:50:24+00:00\",\"breadcrumb\":{\"@id\":\"https:\\\/\\\/www.holzzange.ch\\\/fr\\\/mentions-legales\\\/#breadcrumb\"},\"inLanguage\":\"fr-FR\",\"potentialAction\":[{\"@type\":\"ReadAction\",\"target\":[\"https:\\\/\\\/www.holzzange.ch\\\/fr\\\/mentions-legales\\\/\"]}]},{\"@type\":\"BreadcrumbList\",\"@id\":\"https:\\\/\\\/www.holzzange.ch\\\/fr\\\/mentions-legales\\\/#breadcrumb\",\"itemListElement\":[{\"@type\":\"ListItem\",\"position\":1,\"name\":\"Startseite\",\"item\":\"https:\\\/\\\/www.holzzange.ch\\\/fr\\\/accueil\\\/\"},{\"@type\":\"ListItem\",\"position\":2,\"name\":\"Mentions l\u00e9gales\"}]},{\"@type\":\"WebSite\",\"@id\":\"https:\\\/\\\/www.holzzange.ch\\\/fr\\\/#website\",\"url\":\"https:\\\/\\\/www.holzzange.ch\\\/fr\\\/\",\"name\":\"Holzzange.ch\",\"description\":\"Greifer und Holzzangen aller Art - F\u00fcr Bagger und Minibagger\",\"potentialAction\":[{\"@type\":\"SearchAction\",\"target\":{\"@type\":\"EntryPoint\",\"urlTemplate\":\"https:\\\/\\\/www.holzzange.ch\\\/fr\\\/?s={search_term_string}\"},\"query-input\":{\"@type\":\"PropertyValueSpecification\",\"valueRequired\":true,\"valueName\":\"search_term_string\"}}],\"inLanguage\":\"fr-FR\"}]}<\/script>\n<!-- \/ Yoast SEO plugin. -->","yoast_head_json":{"title":"Mentions l\u00e9gales - Holzzange.ch","robots":{"index":"noindex","follow":"follow"},"og_locale":"fr_FR","og_type":"article","og_title":"Mentions l\u00e9gales - Holzzange.ch","og_description":"Responsable du contenu Holzzange.chKeltenweg 2(Holzm\u00fchle)3303 M\u00fcnchringenSchweizE-Mail: info@holzzange.chTel.: 034 411 18 18 Conception, technologie et programmation Webgorilla GmbHWebdesign &amp; Online Marketing www.webgorilla.ch Clause de non-responsabilit\u00e9 L&rsquo;auteur n&rsquo;assume aucune responsabilit\u00e9 quant \u00e0 l&rsquo;exactitude, la pr\u00e9cision, l&rsquo;actualit\u00e9, la fiabilit\u00e9 et l&rsquo;exhaustivit\u00e9 des informations. Les r\u00e9clamations en responsabilit\u00e9 contre l&rsquo;auteur pour des dommages mat\u00e9riels ou immat\u00e9riels r\u00e9sultant de l&rsquo;acc\u00e8s [&hellip;]","og_url":"https:\/\/www.holzzange.ch\/fr\/mentions-legales\/","og_site_name":"Holzzange.ch","article_modified_time":"2025-04-10T11:50:24+00:00","twitter_card":"summary_large_image","twitter_misc":{"Dur\u00e9e de lecture estim\u00e9e":"2 minutes"},"schema":{"@context":"https:\/\/schema.org","@graph":[{"@type":"WebPage","@id":"https:\/\/www.holzzange.ch\/fr\/mentions-legales\/","url":"https:\/\/www.holzzange.ch\/fr\/mentions-legales\/","name":"Mentions l\u00e9gales - Holzzange.ch","isPartOf":{"@id":"https:\/\/www.holzzange.ch\/fr\/#website"},"datePublished":"2024-07-11T11:57:27+00:00","dateModified":"2025-04-10T11:50:24+00:00","breadcrumb":{"@id":"https:\/\/www.holzzange.ch\/fr\/mentions-legales\/#breadcrumb"},"inLanguage":"fr-FR","potentialAction":[{"@type":"ReadAction","target":["https:\/\/www.holzzange.ch\/fr\/mentions-legales\/"]}]},{"@type":"BreadcrumbList","@id":"https:\/\/www.holzzange.ch\/fr\/mentions-legales\/#breadcrumb","itemListElement":[{"@type":"ListItem","position":1,"name":"Startseite","item":"https:\/\/www.holzzange.ch\/fr\/accueil\/"},{"@type":"ListItem","position":2,"name":"Mentions l\u00e9gales"}]},{"@type":"WebSite","@id":"https:\/\/www.holzzange.ch\/fr\/#website","url":"https:\/\/www.holzzange.ch\/fr\/","name":"Holzzange.ch","description":"Greifer und Holzzangen aller Art - F\u00fcr Bagger und Minibagger","potentialAction":[{"@type":"SearchAction","target":{"@type":"EntryPoint","urlTemplate":"https:\/\/www.holzzange.ch\/fr\/?s={search_term_string}"},"query-input":{"@type":"PropertyValueSpecification","valueRequired":true,"valueName":"search_term_string"}}],"inLanguage":"fr-FR"}]}},"_links":{"self":[{"href":"https:\/\/www.holzzange.ch\/fr\/wp-json\/wp\/v2\/pages\/4209","targetHints":{"allow":["GET"]}}],"collection":[{"href":"https:\/\/www.holzzange.ch\/fr\/wp-json\/wp\/v2\/pages"}],"about":[{"href":"https:\/\/www.holzzange.ch\/fr\/wp-json\/wp\/v2\/types\/page"}],"author":[{"embeddable":true,"href":"https:\/\/www.holzzange.ch\/fr\/wp-json\/wp\/v2\/users\/8"}],"replies":[{"embeddable":true,"href":"https:\/\/www.holzzange.ch\/fr\/wp-json\/wp\/v2\/comments?post=4209"}],"version-history":[{"count":2,"href":"https:\/\/www.holzzange.ch\/fr\/wp-json\/wp\/v2\/pages\/4209\/revisions"}],"predecessor-version":[{"id":5105,"href":"https:\/\/www.holzzange.ch\/fr\/wp-json\/wp\/v2\/pages\/4209\/revisions\/5105"}],"wp:attachment":[{"href":"https:\/\/www.holzzange.ch\/fr\/wp-json\/wp\/v2\/media?parent=4209"}],"curies":[{"name":"wp","href":"https:\/\/api.w.org\/{rel}","templated":true}]}}